{"id":36,"date":"2024-02-27T16:32:11","date_gmt":"2024-02-27T15:32:11","guid":{"rendered":"https:\/\/projetdismoi.fr\/?page_id=36"},"modified":"2024-08-06T14:27:27","modified_gmt":"2024-08-06T12:27:27","slug":"notre-lieu","status":"publish","type":"page","link":"https:\/\/projetdismoi.fr\/index.php\/notre-lieu\/","title":{"rendered":"Le lieu"},"content":{"rendered":"<style>.elementor-36 .elementor-element.elementor-element-710e4ae{--display:flex;--flex-direction:column;--container-widget-width:100%;--container-widget-height:initial;--container-widget-flex-grow:0;--container-widget-align-self:initial;--flex-wrap-mobile:wrap;}.elementor-36 .elementor-element.elementor-element-464614c{--spacer-size:64px;}.elementor-36 .elementor-element.elementor-element-919f46b{--display:flex;--flex-direction:column;--container-widget-width:100%;--container-widget-height:initial;--container-widget-flex-grow:0;--container-widget-align-self:initial;--flex-wrap-mobile:wrap;}.elementor-36 .elementor-element.elementor-element-6f20e5f{--spacer-size:64px;}.elementor-36 .elementor-element.elementor-element-0c4a62e{--display:flex;--flex-direction:column;--container-widget-width:100%;--container-widget-height:initial;--container-widget-flex-grow:0;--container-widget-align-self:initial;--flex-wrap-mobile:wrap;}.elementor-widget-heading .elementor-heading-title{font-family:var( --e-global-typography-primary-font-family ), Sans-serif;font-size:var( --e-global-typography-primary-font-size );font-weight:var( --e-global-typography-primary-font-weight );color:var( --e-global-color-primary );}.elementor-36 .elementor-element.elementor-element-934d1eb{--display:flex;--flex-direction:column;--container-widget-width:100%;--container-widget-height:initial;--container-widget-flex-grow:0;--container-widget-align-self:initial;--flex-wrap-mobile:wrap;}.elementor-widget-text-editor{font-family:var( --e-global-typography-text-font-family ), Sans-serif;font-weight:var( --e-global-typography-text-font-weight );color:var( --e-global-color-text );}.elementor-widget-text-editor.elementor-drop-cap-view-stacked .elementor-drop-cap{background-color:var( --e-global-color-primary );}.elementor-widget-text-editor.elementor-drop-cap-view-framed .elementor-drop-cap, .elementor-widget-text-editor.elementor-drop-cap-view-default .elementor-drop-cap{color:var( --e-global-color-primary );border-color:var( --e-global-color-primary );}.elementor-36 .elementor-element.elementor-element-6183024{--display:flex;--flex-direction:column;--container-widget-width:100%;--container-widget-height:initial;--container-widget-flex-grow:0;--container-widget-align-self:initial;--flex-wrap-mobile:wrap;}@media(max-width:1024px){.elementor-widget-heading .elementor-heading-title{font-size:var( --e-global-typography-primary-font-size );}}@media(max-width:767px){.elementor-widget-heading .elementor-heading-title{font-size:var( --e-global-typography-primary-font-size );}}<\/style>\t\t<div data-elementor-type=\"wp-page\" data-elementor-id=\"36\" class=\"elementor elementor-36\" data-elementor-post-type=\"page\">\n\t\t\t\t<div class=\"elementor-element elementor-element-710e4ae e-flex e-con-boxed e-con e-parent\" data-id=\"710e4ae\" data-element_type=\"container\" data-e-type=\"container\">\n\t\t\t\t\t<div class=\"e-con-inner\">\n\t\t\t\t<div class=\"elementor-element elementor-element-464614c elementor-widget elementor-widget-spacer\" data-id=\"464614c\" data-element_type=\"widget\" data-e-type=\"widget\" data-widget_type=\"spacer.default\">\n\t\t\t\t<div class=\"elementor-widget-container\">\n\t\t\t\t\t\t\t<div class=\"elementor-spacer\">\n\t\t\t<div class=\"elementor-spacer-inner\"><\/div>\n\t\t<\/div>\n\t\t\t\t\t\t<\/div>\n\t\t\t\t<\/div>\n\t\t\t\t\t<\/div>\n\t\t\t\t<\/div>\n\t\t<div class=\"elementor-element elementor-element-919f46b e-flex e-con-boxed e-con e-parent\" data-id=\"919f46b\" data-element_type=\"container\" data-e-type=\"container\">\n\t\t\t\t\t<div class=\"e-con-inner\">\n\t\t\t\t<div class=\"elementor-element elementor-element-6f20e5f elementor-widget elementor-widget-spacer\" data-id=\"6f20e5f\" data-element_type=\"widget\" data-e-type=\"widget\" data-widget_type=\"spacer.default\">\n\t\t\t\t<div class=\"elementor-widget-container\">\n\t\t\t\t\t\t\t<div class=\"elementor-spacer\">\n\t\t\t<div class=\"elementor-spacer-inner\"><\/div>\n\t\t<\/div>\n\t\t\t\t\t\t<\/div>\n\t\t\t\t<\/div>\n\t\t\t\t\t<\/div>\n\t\t\t\t<\/div>\n\t\t<div class=\"elementor-element elementor-element-0c4a62e e-flex e-con-boxed e-con e-parent\" data-id=\"0c4a62e\" data-element_type=\"container\" data-e-type=\"container\">\n\t\t\t\t\t<div class=\"e-con-inner\">\n\t\t\t\t<div class=\"elementor-element elementor-element-c519dfd elementor-widget elementor-widget-heading\" data-id=\"c519dfd\" data-element_type=\"widget\" data-e-type=\"widget\" data-widget_type=\"heading.default\">\n\t\t\t\t<div class=\"elementor-widget-container\">\n\t\t\t\t\t<h2 class=\"elementor-heading-title elementor-size-default\">Notre lieu<\/h2>\t\t\t\t<\/div>\n\t\t\t\t<\/div>\n\t\t\t\t\t<\/div>\n\t\t\t\t<\/div>\n\t\t<div class=\"elementor-element elementor-element-934d1eb e-flex e-con-boxed e-con e-parent\" data-id=\"934d1eb\" data-element_type=\"container\" data-e-type=\"container\">\n\t\t\t\t\t<div class=\"e-con-inner\">\n\t\t\t\t<div class=\"elementor-element elementor-element-9770c4d elementor-widget elementor-widget-text-editor\" data-id=\"9770c4d\" data-element_type=\"widget\" data-e-type=\"widget\" data-widget_type=\"text-editor.default\">\n\t\t\t\t<div class=\"elementor-widget-container\">\n\t\t\t\t\t\t\t\t\t<p><span style=\"font-weight: 400;\">Depuis quelques ann\u00e9es, nous louons \u00e0 la mairie un local situ\u00e9 \u00e0 Ours, quartier de campagne dans la ville. <\/span><span style=\"font-weight: 400;\">Cette ancienne \u00e9cole nous a charm\u00e9s par son espace ext\u00e9rieur bucolique et l\u2019accueil chaleureux des habitants.<\/span><\/p>\t\t\t\t\t\t\t\t<\/div>\n\t\t\t\t<\/div>\n\t\t\t\t\t<\/div>\n\t\t\t\t<\/div>\n\t\t<div class=\"elementor-element elementor-element-6183024 e-flex e-con-boxed e-con e-parent\" data-id=\"6183024\" data-element_type=\"container\" data-e-type=\"container\">\n\t\t\t\t\t<div class=\"e-con-inner\">\n\t\t\t\t<div class=\"elementor-element elementor-element-ece2ee4 elementor-widget elementor-widget-text-editor\" data-id=\"ece2ee4\" data-element_type=\"widget\" data-e-type=\"widget\" data-widget_type=\"text-editor.default\">\n\t\t\t\t<div class=\"elementor-widget-container\">\n\t\t\t\t\t\t\t\t\t<p><span style=\"font-weight: 400;\">Nous souhaitons \u00e0 terme investir cet espace en tant que tiers-lieu culturel \u00e0 vocation sociale. C\u2019est \u00e0 dire que nous projetons que ce lieu soit un espace de rencontre, de r\u00e9unions, de stockage, etc,.. Mais aussi et surtout un lieu de convivialit\u00e9, o\u00f9 les participants aux ateliers pourraient se r\u00e9unir en dehors des ateliers, o\u00f9 des id\u00e9es pourraient \u00e9merg\u00e9es.\u00a0<\/span><\/p>\t\t\t\t\t\t\t\t<\/div>\n\t\t\t\t<\/div>\n\t\t\t\t\t<\/div>\n\t\t\t\t<\/div>\n\t\t\t\t<\/div>\n\t\t","protected":false},"excerpt":{"rendered":"<p>Notre lieu Depuis quelques ann\u00e9es, nous louons \u00e0 la mairie un local situ\u00e9 \u00e0 Ours, quartier de campagne dans la [&hellip;]<\/p>\n","protected":false},"author":1,"featured_media":0,"parent":0,"menu_order":0,"comment_status":"closed","ping_status":"closed","template":"elementor_header_footer","meta":{"_seopress_robots_primary_cat":"","_seopress_titles_title":"","_seopress_titles_desc":"","_seopress_robots_index":"","_monsterinsights_skip_tracking":false,"_monsterinsights_sitenote_active":false,"_monsterinsights_sitenote_note":"","_monsterinsights_sitenote_category":0,"site-sidebar-layout":"no-sidebar","site-content-layout":"","ast-site-content-layout":"full-width-container","site-content-style":"default","site-sidebar-style":"default","ast-global-header-display":"","ast-banner-title-visibility":"","ast-main-header-display":"","ast-hfb-above-header-display":"","ast-hfb-below-header-display":"","ast-hfb-mobile-header-display":"","site-post-title":"disabled","ast-breadcrumbs-content":"","ast-featured-img":"disabled","footer-sml-layout":"","ast-disable-related-posts":"","theme-transparent-header-meta":"","adv-header-id-meta":"","stick-header-meta":"","header-above-stick-meta":"","header-main-stick-meta":"","header-below-stick-meta":"","astra-migrate-meta-layouts":"default","ast-page-background-enabled":"default","ast-page-background-meta":{"desktop":{"background-color":"var(--ast-global-color-4)","background-image":"","background-repeat":"repeat","background-position":"center center","background-size":"auto","background-attachment":"scroll","background-type":"","background-media":"","overlay-type":"","overlay-color":"","overlay-opacity":"","overlay-gradient":""},"tablet":{"background-color":"","background-image":"","background-repeat":"repeat","background-position":"center center","background-size":"auto","background-attachment":"scroll","background-type":"","background-media":"","overlay-type":"","overlay-color":"","overlay-opacity":"","overlay-gradient":""},"mobile":{"background-color":"","background-image":"","background-repeat":"repeat","background-position":"center center","background-size":"auto","background-attachment":"scroll","background-type":"","background-media":"","overlay-type":"","overlay-color":"","overlay-opacity":"","overlay-gradient":""}},"ast-content-background-meta":{"desktop":{"background-color":"var(--ast-global-color-5)","background-image":"","background-repeat":"repeat","background-position":"center center","background-size":"auto","background-attachment":"scroll","background-type":"","background-media":"","overlay-type":"","overlay-color":"","overlay-opacity":"","overlay-gradient":""},"tablet":{"background-color":"var(--ast-global-color-5)","background-image":"","background-repeat":"repeat","background-position":"center center","background-size":"auto","background-attachment":"scroll","background-type":"","background-media":"","overlay-type":"","overlay-color":"","overlay-opacity":"","overlay-gradient":""},"mobile":{"background-color":"var(--ast-global-color-5)","background-image":"","background-repeat":"repeat","background-position":"center center","background-size":"auto","background-attachment":"scroll","background-type":"","background-media":"","overlay-type":"","overlay-color":"","overlay-opacity":"","overlay-gradient":""}},"footnotes":""},"class_list":["post-36","page","type-page","status-publish","hentry"],"yoast_head":"<!-- This site is optimized with the Yoast SEO plugin v26.8 - https:\/\/yoast.com\/product\/yoast-seo-wordpress\/ -->\n<title>Le lieu -<\/title>\n<meta name=\"robots\" content=\"index, follow, max-snippet:-1, max-image-preview:large, max-video-preview:-1\" \/>\n<link rel=\"canonical\" href=\"https:\/\/projetdismoi.fr\/index.php\/notre-lieu\/\" \/>\n<meta property=\"og:locale\" content=\"fr_FR\" \/>\n<meta property=\"og:type\" content=\"article\" \/>\n<meta property=\"og:title\" content=\"Le lieu -\" \/>\n<meta property=\"og:description\" content=\"Notre lieu Depuis quelques ann\u00e9es, nous louons \u00e0 la mairie un local situ\u00e9 \u00e0 Ours, quartier de campagne dans la [&hellip;]\" \/>\n<meta property=\"og:url\" content=\"https:\/\/projetdismoi.fr\/index.php\/notre-lieu\/\" \/>\n<meta property=\"article:publisher\" content=\"https:\/\/www.facebook.com\/profile.php?id=61555985174457\" \/>\n<meta property=\"article:modified_time\" content=\"2024-08-06T12:27:27+00:00\" \/>\n<meta name=\"twitter:card\" content=\"summary_large_image\" \/>\n<meta name=\"twitter:label1\" content=\"Dur\u00e9e de lecture estim\u00e9e\" \/>\n\t<meta name=\"twitter:data1\" content=\"1 minute\" \/>\n<script type=\"application\/ld+json\" class=\"yoast-schema-graph\">{\"@context\":\"https:\/\/schema.org\",\"@graph\":[{\"@type\":\"WebPage\",\"@id\":\"https:\/\/projetdismoi.fr\/index.php\/notre-lieu\/\",\"url\":\"https:\/\/projetdismoi.fr\/index.php\/notre-lieu\/\",\"name\":\"Le lieu -\",\"isPartOf\":{\"@id\":\"https:\/\/projetdismoi.fr\/#website\"},\"datePublished\":\"2024-02-27T15:32:11+00:00\",\"dateModified\":\"2024-08-06T12:27:27+00:00\",\"breadcrumb\":{\"@id\":\"https:\/\/projetdismoi.fr\/index.php\/notre-lieu\/#breadcrumb\"},\"inLanguage\":\"fr-FR\",\"potentialAction\":[{\"@type\":\"ReadAction\",\"target\":[\"https:\/\/projetdismoi.fr\/index.php\/notre-lieu\/\"]}]},{\"@type\":\"BreadcrumbList\",\"@id\":\"https:\/\/projetdismoi.fr\/index.php\/notre-lieu\/#breadcrumb\",\"itemListElement\":[{\"@type\":\"ListItem\",\"position\":1,\"name\":\"Home\",\"item\":\"https:\/\/projetdismoi.fr\/\"},{\"@type\":\"ListItem\",\"position\":2,\"name\":\"Le lieu\"}]},{\"@type\":\"WebSite\",\"@id\":\"https:\/\/projetdismoi.fr\/#website\",\"url\":\"https:\/\/projetdismoi.fr\/\",\"name\":\"projetdismoi\",\"description\":\"La culture, c&#039;est vivre !\",\"publisher\":{\"@id\":\"https:\/\/projetdismoi.fr\/#organization\"},\"potentialAction\":[{\"@type\":\"SearchAction\",\"target\":{\"@type\":\"EntryPoint\",\"urlTemplate\":\"https:\/\/projetdismoi.fr\/?s={search_term_string}\"},\"query-input\":{\"@type\":\"PropertyValueSpecification\",\"valueRequired\":true,\"valueName\":\"search_term_string\"}}],\"inLanguage\":\"fr-FR\"},{\"@type\":\"Organization\",\"@id\":\"https:\/\/projetdismoi.fr\/#organization\",\"name\":\"Association DIS-MOI\",\"url\":\"https:\/\/projetdismoi.fr\/\",\"logo\":{\"@type\":\"ImageObject\",\"inLanguage\":\"fr-FR\",\"@id\":\"https:\/\/projetdismoi.fr\/#\/schema\/logo\/image\/\",\"url\":\"https:\/\/projetdismoi.fr\/wp-content\/uploads\/2024\/02\/Maquettes-logos-3.svg\",\"contentUrl\":\"https:\/\/projetdismoi.fr\/wp-content\/uploads\/2024\/02\/Maquettes-logos-3.svg\",\"width\":500,\"height\":500,\"caption\":\"Association DIS-MOI\"},\"image\":{\"@id\":\"https:\/\/projetdismoi.fr\/#\/schema\/logo\/image\/\"},\"sameAs\":[\"https:\/\/www.facebook.com\/profile.php?id=61555985174457\",\"https:\/\/www.instagram.com\/projetdismoi\/\"]}]}<\/script>\n<!-- \/ Yoast SEO plugin. -->","yoast_head_json":{"title":"Le lieu -","robots":{"index":"index","follow":"follow","max-snippet":"max-snippet:-1","max-image-preview":"max-image-preview:large","max-video-preview":"max-video-preview:-1"},"canonical":"https:\/\/projetdismoi.fr\/index.php\/notre-lieu\/","og_locale":"fr_FR","og_type":"article","og_title":"Le lieu -","og_description":"Notre lieu Depuis quelques ann\u00e9es, nous louons \u00e0 la mairie un local situ\u00e9 \u00e0 Ours, quartier de campagne dans la [&hellip;]","og_url":"https:\/\/projetdismoi.fr\/index.php\/notre-lieu\/","article_publisher":"https:\/\/www.facebook.com\/profile.php?id=61555985174457","article_modified_time":"2024-08-06T12:27:27+00:00","twitter_card":"summary_large_image","twitter_misc":{"Dur\u00e9e de lecture estim\u00e9e":"1 minute"},"schema":{"@context":"https:\/\/schema.org","@graph":[{"@type":"WebPage","@id":"https:\/\/projetdismoi.fr\/index.php\/notre-lieu\/","url":"https:\/\/projetdismoi.fr\/index.php\/notre-lieu\/","name":"Le lieu -","isPartOf":{"@id":"https:\/\/projetdismoi.fr\/#website"},"datePublished":"2024-02-27T15:32:11+00:00","dateModified":"2024-08-06T12:27:27+00:00","breadcrumb":{"@id":"https:\/\/projetdismoi.fr\/index.php\/notre-lieu\/#breadcrumb"},"inLanguage":"fr-FR","potentialAction":[{"@type":"ReadAction","target":["https:\/\/projetdismoi.fr\/index.php\/notre-lieu\/"]}]},{"@type":"BreadcrumbList","@id":"https:\/\/projetdismoi.fr\/index.php\/notre-lieu\/#breadcrumb","itemListElement":[{"@type":"ListItem","position":1,"name":"Home","item":"https:\/\/projetdismoi.fr\/"},{"@type":"ListItem","position":2,"name":"Le lieu"}]},{"@type":"WebSite","@id":"https:\/\/projetdismoi.fr\/#website","url":"https:\/\/projetdismoi.fr\/","name":"projetdismoi","description":"La culture, c&#039;est vivre !","publisher":{"@id":"https:\/\/projetdismoi.fr\/#organization"},"potentialAction":[{"@type":"SearchAction","target":{"@type":"EntryPoint","urlTemplate":"https:\/\/projetdismoi.fr\/?s={search_term_string}"},"query-input":{"@type":"PropertyValueSpecification","valueRequired":true,"valueName":"search_term_string"}}],"inLanguage":"fr-FR"},{"@type":"Organization","@id":"https:\/\/projetdismoi.fr\/#organization","name":"Association DIS-MOI","url":"https:\/\/projetdismoi.fr\/","logo":{"@type":"ImageObject","inLanguage":"fr-FR","@id":"https:\/\/projetdismoi.fr\/#\/schema\/logo\/image\/","url":"https:\/\/projetdismoi.fr\/wp-content\/uploads\/2024\/02\/Maquettes-logos-3.svg","contentUrl":"https:\/\/projetdismoi.fr\/wp-content\/uploads\/2024\/02\/Maquettes-logos-3.svg","width":500,"height":500,"caption":"Association DIS-MOI"},"image":{"@id":"https:\/\/projetdismoi.fr\/#\/schema\/logo\/image\/"},"sameAs":["https:\/\/www.facebook.com\/profile.php?id=61555985174457","https:\/\/www.instagram.com\/projetdismoi\/"]}]}},"_links":{"self":[{"href":"https:\/\/projetdismoi.fr\/index.php\/wp-json\/wp\/v2\/pages\/36","targetHints":{"allow":["GET"]}}],"collection":[{"href":"https:\/\/projetdismoi.fr\/index.php\/wp-json\/wp\/v2\/pages"}],"about":[{"href":"https:\/\/projetdismoi.fr\/index.php\/wp-json\/wp\/v2\/types\/page"}],"author":[{"embeddable":true,"href":"https:\/\/projetdismoi.fr\/index.php\/wp-json\/wp\/v2\/users\/1"}],"replies":[{"embeddable":true,"href":"https:\/\/projetdismoi.fr\/index.php\/wp-json\/wp\/v2\/comments?post=36"}],"version-history":[{"count":38,"href":"https:\/\/projetdismoi.fr\/index.php\/wp-json\/wp\/v2\/pages\/36\/revisions"}],"predecessor-version":[{"id":873,"href":"https:\/\/projetdismoi.fr\/index.php\/wp-json\/wp\/v2\/pages\/36\/revisions\/873"}],"wp:attachment":[{"href":"https:\/\/projetdismoi.fr\/index.php\/wp-json\/wp\/v2\/media?parent=36"}],"curies":[{"name":"wp","href":"https:\/\/api.w.org\/{rel}","templated":true}]}}